{"id":2700,"date":"2025-07-16T14:15:22","date_gmt":"2025-07-16T14:15:22","guid":{"rendered":"https:\/\/herogames.antikenmuseumbasel.ch\/?page_id=2700"},"modified":"2025-10-08T11:52:35","modified_gmt":"2025-10-08T11:52:35","slug":"tickets","status":"publish","type":"page","link":"https:\/\/herogames.antikenmuseumbasel.ch\/fr\/tickets\/","title":{"rendered":"Tickets"},"content":{"rendered":"<p>[et_pb_section fb_built=&#8220;1&#8243; _builder_version=&#8220;4.27.4&#8243; _module_preset=&#8220;default&#8220; background_color=&#8220;#F4D784&#8243; custom_padding=&#8220;0px||0px||false|false&#8220; global_colors_info=&#8220;{}&#8220;][et_pb_row _builder_version=&#8220;4.27.4&#8243; _module_preset=&#8220;default&#8220; width_tablet=&#8220;&#8220; width_phone=&#8220;90%&#8220; width_last_edited=&#8220;on|phone&#8220; global_colors_info=&#8220;{}&#8220; width__hover_enabled=&#8220;on|desktop&#8220;][et_pb_column type=&#8220;4_4&#8243; _builder_version=&#8220;4.27.4&#8243; _module_preset=&#8220;default&#8220; global_colors_info=&#8220;{}&#8220;][et_pb_button button_url=&#8220;@ET-DC@eyJkeW5hbWljIjp0cnVlLCJjb250ZW50IjoiaG9tZV91cmwiLCJzZXR0aW5ncyI6e319@&#8220; button_text=&#8220;zur\u00fcck&#8220; _builder_version=&#8220;4.27.4&#8243; _dynamic_attributes=&#8220;button_url&#8220; _module_preset=&#8220;55290b0e-c607-47cc-9632-1bed2a8feaa1&#8243; button_use_icon=&#8220;off&#8220; global_colors_info=&#8220;{}&#8220;][\/et_pb_button][et_pb_image src=&#8220;https:\/\/herogames.antikenmuseumbasel.ch\/wp-content\/uploads\/2025\/07\/Lorbeerkranz_solo_schwarz_100x100px.svg&#8220; title_text=&#8220;Lorbeerkranz_solo_schwarz_100x100px&#8220; align=&#8220;center&#8220; _builder_version=&#8220;4.27.4&#8243; _module_preset=&#8220;default&#8220; width=&#8220;20%&#8220; width_tablet=&#8220;20%&#8220; width_phone=&#8220;60%&#8220; width_last_edited=&#8220;on|phone&#8220; global_colors_info=&#8220;{}&#8220;][\/et_pb_image][et_pb_text _builder_version=&#8220;4.27.4&#8243; _module_preset=&#8220;2a0bdb63-6d91-470d-b816-0abc7758bb95&#8243; header_font_size=&#8220;80px&#8220; header_font_size_phone=&#8220;55px&#8220; global_colors_info=&#8220;{}&#8220;]<\/p>\n<h1>eintritt reservieren<\/h1>\n<p>[\/et_pb_text][et_pb_text admin_label=&#8220;Hinweis&#8220; _builder_version=&#8220;4.27.4&#8243; _module_preset=&#8220;2a0bdb63-6d91-470d-b816-0abc7758bb95&#8243; width=&#8220;70%&#8220; width_tablet=&#8220;70%&#8220; width_phone=&#8220;100%&#8220; width_last_edited=&#8220;on|phone&#8220; module_alignment=&#8220;center&#8220; custom_padding=&#8220;20px||20px||true|false&#8220; custom_padding_tablet=&#8220;20px||20px||true|false&#8220; custom_padding_phone=&#8220;|20px||20px|true|false&#8220; custom_padding_last_edited=&#8220;on|phone&#8220; border_radii=&#8220;on|10px|10px|10px|10px&#8220; border_width_all=&#8220;2px&#8220; global_colors_info=&#8220;{}&#8220;]<\/p>\n<p>Bitte beachte:<\/p>\n<h3><\/h3>\n<h3>weise deine Reservierung an der Museumskasse vor,<br \/>um ein <span style=\"text-decoration: underline;\">g\u00fcltiges Ticket<\/span> f\u00fcr die Ausstellung zu erwerben!<\/h3>\n<h5><\/h5>\n<h5>Nicht wahrgenommene Reservierungen verfallen 10 Minuten nach Spielbeginn.<\/h5>\n<h5>Lehrkr\u00e4fte reservieren die Pl\u00e4tze f\u00fcr ihre Klasse bitte \u00fcber dieses <span style=\"text-decoration: underline;\"><a href=\"https:\/\/antikenmuseum.aidaform.com\/schulen-hero-games\" target=\"_blank\" rel=\"noopener\">Formular.<\/a><\/span><\/h5>\n<p>[\/et_pb_text][et_pb_text admin_label=&#8220;Ticketpreise&#8220; _builder_version=&#8220;4.27.4&#8243; _module_preset=&#8220;2a0bdb63-6d91-470d-b816-0abc7758bb95&#8243; width=&#8220;70%&#8220; module_alignment=&#8220;center&#8220; global_colors_info=&#8220;{}&#8220;]<\/p>\n<h5><span style=\"text-decoration: underline;\">Ticketpreise<\/span><\/h5>\n<p>Erwachsene: CHF 22<br \/>Gruppen ab 4 Personen: CHF 20<br \/>Personen unter 20 J.: CHF 9<br \/>Personen in Ausbildung unter 30 J.: CHF 9<br \/>Kinder unter 13 J.: gratis<br \/>Museums-Pass-Mus\u00e9es und Schweizer Museumspass: gratis*<\/p>\n<p>*Dies gilt nur fu\u0308r Einzeleintritte und nicht fu\u0308r Packages und Jubil\u00e4umsangebote,<br \/>bei denen ein Eintritt inkludiert ist.<\/p>\n<p>[\/et_pb_text][et_pb_divider color=&#8220;#050608&#8243; divider_weight=&#8220;1px&#8220; _builder_version=&#8220;4.27.4&#8243; _module_preset=&#8220;default&#8220; width=&#8220;70%&#8220; module_alignment=&#8220;center&#8220; custom_padding=&#8220;0px||0px||false|false&#8220; global_colors_info=&#8220;{}&#8220;][\/et_pb_divider][\/et_pb_column][\/et_pb_row][et_pb_row column_structure=&#8220;1_4,1_4,1_4,1_4&#8243; _builder_version=&#8220;4.27.4&#8243; _module_preset=&#8220;default&#8220; global_colors_info=&#8220;{}&#8220;][et_pb_column type=&#8220;1_4&#8243; _builder_version=&#8220;4.27.4&#8243; _module_preset=&#8220;default&#8220; global_colors_info=&#8220;{}&#8220;][\/et_pb_column][et_pb_column type=&#8220;1_4&#8243; _builder_version=&#8220;4.27.4&#8243; _module_preset=&#8220;default&#8220; global_colors_info=&#8220;{}&#8220;][et_pb_blurb use_icon=&#8220;on&#8220; font_icon=&#8220;&#x7d;||divi||400&#8243; icon_color=&#8220;#c13c3a&#8220; image_icon_background_color=&#8220;RGBA(255,255,255,0)&#8220; icon_placement=&#8220;left&#8220; _builder_version=&#8220;4.27.4&#8243; _module_preset=&#8220;default&#8220; header_text_color=&#8220;#050608&#8243; header_font_size=&#8220;20px&#8220; body_font=&#8220;||||||||&#8220; body_text_color=&#8220;#c13c3a&#8220; global_colors_info=&#8220;{}&#8220;]<\/p>\n<p>Sei bitte <strong>15 Minuten vor Spielbeginn<\/strong> im Museum.<\/p>\n<p>[\/et_pb_blurb][et_pb_blurb use_icon=&#8220;on&#8220; font_icon=&#8220;&#xe029;||divi||400&#8243; icon_color=&#8220;#c13c3a&#8220; image_icon_background_color=&#8220;RGBA(255,255,255,0)&#8220; icon_placement=&#8220;left&#8220; _builder_version=&#8220;4.27.4&#8243; _module_preset=&#8220;default&#8220; header_text_color=&#8220;#050608&#8243; header_font_size=&#8220;20px&#8220; body_font=&#8220;||||||||&#8220; body_text_color=&#8220;#c13c3a&#8220; global_colors_info=&#8220;{}&#8220;]<\/p>\n<p>Die gesch\u00e4tzte <strong>Spielzeit betr\u00e4gt ca. 60 Minuten.<\/strong><\/p>\n<p>[\/et_pb_blurb][\/et_pb_column][et_pb_column type=&#8220;1_4&#8243; _builder_version=&#8220;4.27.4&#8243; _module_preset=&#8220;default&#8220; global_colors_info=&#8220;{}&#8220;][et_pb_blurb use_icon=&#8220;on&#8220; font_icon=&#8220;&#x71;||divi||400&#8243; icon_color=&#8220;#c13c3a&#8220; image_icon_background_color=&#8220;RGBA(255,255,255,0)&#8220; icon_placement=&#8220;left&#8220; _builder_version=&#8220;4.27.4&#8243; _module_preset=&#8220;default&#8220; header_text_color=&#8220;#050608&#8243; header_font_size=&#8220;20px&#8220; body_font=&#8220;||||||||&#8220; body_text_color=&#8220;#c13c3a&#8220; global_colors_info=&#8220;{}&#8220;]<\/p>\n<p>Der Einlass ist <strong>bis 10 Minuten nach Spielbeginn<\/strong> m\u00f6glich.<\/p>\n<p>[\/et_pb_blurb][\/et_pb_column][et_pb_column type=&#8220;1_4&#8243; _builder_version=&#8220;4.27.4&#8243; _module_preset=&#8220;default&#8220; global_colors_info=&#8220;{}&#8220;][\/et_pb_column][\/et_pb_row][et_pb_row _builder_version=&#8220;4.27.4&#8243; _module_preset=&#8220;default&#8220; width=&#8220;100%&#8220; global_colors_info=&#8220;{}&#8220;][et_pb_column type=&#8220;4_4&#8243; _builder_version=&#8220;4.27.4&#8243; _module_preset=&#8220;default&#8220; global_colors_info=&#8220;{}&#8220;][et_pb_code disabled_on=&#8220;off|off|off&#8220; _builder_version=&#8220;4.27.4&#8243; _module_preset=&#8220;default&#8220; hover_enabled=&#8220;0&#8243; global_colors_info=&#8220;{}&#8220; sticky_enabled=&#8220;0&#8243;]<\/p>\n<style><!-- [et_pb_line_break_holder] -->  \/* Standard-H\u00f6he f\u00fcr gr\u00f6ssere Bildschirme *\/<!-- [et_pb_line_break_holder] -->  iframe.ticketino-frame {<!-- [et_pb_line_break_holder] -->    width: 100%;<!-- [et_pb_line_break_holder] -->    height: 1500px;<!-- [et_pb_line_break_holder] -->    border: none;<!-- [et_pb_line_break_holder] -->  }<!-- [et_pb_line_break_holder] --><!-- [et_pb_line_break_holder] -->  \/* Doppelte H\u00f6he auf mobilen Ger\u00e4ten *\/<!-- [et_pb_line_break_holder] -->  @media (max-width: 768px) {<!-- [et_pb_line_break_holder] -->    iframe.ticketino-frame {<!-- [et_pb_line_break_holder] -->      height: 3000px;<!-- [et_pb_line_break_holder] -->    }<!-- [et_pb_line_break_holder] -->  }<!-- [et_pb_line_break_holder] --><\/style>\n<p><!-- [et_pb_line_break_holder] --><!-- [et_pb_line_break_holder] --><!-- [et_pb_line_break_holder] --><!-- [et_pb_line_break_holder] --><!-- [et_pb_line_break_holder] --><!-- [et_pb_line_break_holder] --><!-- [et_pb_line_break_holder] --><!-- [et_pb_line_break_holder] --> <!-- [et_pb_line_break_holder] --><iframe <!-- [et_pb_line_break_holder] -->  class=&#8220;ticketino-frame&#8220;<!-- [et_pb_line_break_holder] -->  src=&#8220;https:\/\/antikenmuseumbasel.ticketino.com\/fr\/home&#8220; <!-- [et_pb_line_break_holder] -->  allowfullscreen <!-- [et_pb_line_break_holder] -->  loading=&#8220;lazy&#8220;><!-- [et_pb_line_break_holder] --><\/iframe><!-- [et_pb_line_break_holder] --><!-- [et_pb_line_break_holder] -->[\/et_pb_code][et_pb_code disabled_on=&#8220;on|on|on&#8220; admin_label=&#8220;Code Ticketino alt&#8220; _builder_version=&#8220;4.27.4&#8243; _module_preset=&#8220;default&#8220; disabled=&#8220;on&#8220; global_colors_info=&#8220;{}&#8220;]<iframe <!-- [et_pb_line_break_holder] -->  src=&#8220;https:\/\/antikenmuseumbasel.ticketino.com\/de\/home&#8220; <!-- [et_pb_line_break_holder] -->  width=&#8220;100%&#8220; <!-- [et_pb_line_break_holder] -->  height=&#8220;1500&#8243; <!-- [et_pb_line_break_holder] -->  style=&#8220;border: none;&#8220; <!-- [et_pb_line_break_holder] -->  allowfullscreen <!-- [et_pb_line_break_holder] -->  loading=&#8220;lazy&#8220;><!-- [et_pb_line_break_holder] --><\/iframe><!-- [et_pb_line_break_holder] -->[\/et_pb_code][\/et_pb_column][\/et_pb_row][\/et_pb_section][et_pb_section fb_built=&#8220;1&#8243; admin_label=&#8220;\u00dcbergang zu footer&#8220; _builder_version=&#8220;4.27.4&#8243; _module_preset=&#8220;default&#8220; background_enable_color=&#8220;off&#8220; use_background_color_gradient=&#8220;on&#8220; background_color_gradient_stops=&#8220;#f4d784 0%|#ffffff 100%&#8220; width=&#8220;100%&#8220; max_width=&#8220;100%&#8220; custom_margin=&#8220;0px||0px||false|false&#8220; global_colors_info=&#8220;{}&#8220;][et_pb_row _builder_version=&#8220;4.27.4&#8243; _module_preset=&#8220;default&#8220; global_colors_info=&#8220;{}&#8220;][et_pb_column type=&#8220;4_4&#8243; _builder_version=&#8220;4.27.4&#8243; _module_preset=&#8220;default&#8220; global_colors_info=&#8220;{}&#8220;][et_pb_text _builder_version=&#8220;4.27.4&#8243; _module_preset=&#8220;default&#8220; global_colors_info=&#8220;{}&#8220;]<\/p>\n<p>&nbsp;<\/p>\n<p>&nbsp;<\/p>\n<p>&nbsp;<\/p>\n<p>[\/et_pb_text][\/et_pb_column][\/et_pb_row][\/et_pb_section]<\/p>\n","protected":false},"excerpt":{"rendered":"<p>eintritt reservierenBitte beachte: weise deine Reservierung an der Museumskasse vor,um ein g\u00fcltiges Ticket f\u00fcr die Ausstellung zu erwerben! Nicht wahrgenommene Reservierungen verfallen 10 Minuten nach Spielbeginn. Lehrkr\u00e4fte reservieren die Pl\u00e4tze [&hellip;]<\/p>\n","protected":false},"author":1,"featured_media":0,"parent":0,"menu_order":0,"comment_status":"closed","ping_status":"closed","template":"","meta":{"_et_pb_use_builder":"on","_et_pb_old_content":"","_et_gb_content_width":"","inline_featured_image":false,"footnotes":""},"class_list":["post-2700","page","type-page","status-publish","hentry"],"_links":{"self":[{"href":"https:\/\/herogames.antikenmuseumbasel.ch\/fr\/wp-json\/wp\/v2\/pages\/2700","targetHints":{"allow":["GET"]}}],"collection":[{"href":"https:\/\/herogames.antikenmuseumbasel.ch\/fr\/wp-json\/wp\/v2\/pages"}],"about":[{"href":"https:\/\/herogames.antikenmuseumbasel.ch\/fr\/wp-json\/wp\/v2\/types\/page"}],"author":[{"embeddable":true,"href":"https:\/\/herogames.antikenmuseumbasel.ch\/fr\/wp-json\/wp\/v2\/users\/1"}],"replies":[{"embeddable":true,"href":"https:\/\/herogames.antikenmuseumbasel.ch\/fr\/wp-json\/wp\/v2\/comments?post=2700"}],"version-history":[{"count":53,"href":"https:\/\/herogames.antikenmuseumbasel.ch\/fr\/wp-json\/wp\/v2\/pages\/2700\/revisions"}],"predecessor-version":[{"id":6739,"href":"https:\/\/herogames.antikenmuseumbasel.ch\/fr\/wp-json\/wp\/v2\/pages\/2700\/revisions\/6739"}],"wp:attachment":[{"href":"https:\/\/herogames.antikenmuseumbasel.ch\/fr\/wp-json\/wp\/v2\/media?parent=2700"}],"curies":[{"name":"wp","href":"https:\/\/api.w.org\/{rel}","templated":true}]}}