{"id":2408,"date":"2025-07-15T10:46:57","date_gmt":"2025-07-15T10:46:57","guid":{"rendered":"https:\/\/herogames.antikenmuseumbasel.ch\/?page_id=2408"},"modified":"2025-08-28T10:54:54","modified_gmt":"2025-08-28T10:54:54","slug":"impressum","status":"publish","type":"page","link":"https:\/\/herogames.antikenmuseumbasel.ch\/en\/impressum\/","title":{"rendered":"Legal notice"},"content":{"rendered":"<p>[et_pb_section fb_built=&#8220;1&#8243; _builder_version=&#8220;4.27.4&#8243; _module_preset=&#8220;default&#8220; background_color=&#8220;#F4D784&#8243; global_colors_info=&#8220;{}&#8220;][et_pb_row _builder_version=&#8220;4.27.4&#8243; _module_preset=&#8220;default&#8220; global_colors_info=&#8220;{}&#8220;][et_pb_column type=&#8220;4_4&#8243; _builder_version=&#8220;4.27.4&#8243; _module_preset=&#8220;default&#8220; global_colors_info=&#8220;{}&#8220;][et_pb_text admin_label=&#8220;Text&#8220; _builder_version=&#8220;4.27.4&#8243; _module_preset=&#8220;2a0bdb63-6d91-470d-b816-0abc7758bb95&#8243; hover_enabled=&#8220;0&#8243; global_colors_info=&#8220;{}&#8220; sticky_enabled=&#8220;0&#8243;]<\/p>\n<div class=\"typo3-neos-nodetypes-headline\">\n<div>\n<h1>Impressum<\/h1>\n<\/div>\n<\/div>\n<p><strong><\/strong><\/p>\n<p><strong>Herausgeber<\/strong><br \/>Antikenmuseum Basel und Sammlung Ludwig<\/p>\n<p><strong>Konzept und Texte<\/strong><br \/>Anna Laschinger<\/p>\n<p><strong>Webdesign<\/strong><br \/>Christine Dittmar<br \/>Joel Schwarz<\/p>\n<p><strong>Koordination<\/strong><br \/>Alexandra Maurer<\/p>\n<p><strong>\u00dcbersetzung<\/strong><br \/>probicon GmbH<\/p>\n<p>\u00a9 Antikenmuseum Basel und Sammlung Ludwig, 2025<\/p>\n<p>[\/et_pb_text][et_pb_text disabled_on=&#8220;on|on|on&#8220; _builder_version=&#8220;4.27.4&#8243; _module_preset=&#8220;2a0bdb63-6d91-470d-b816-0abc7758bb95&#8243; disabled=&#8220;on&#8220; global_colors_info=&#8220;{}&#8220;]<\/p>\n<div class=\"typo3-neos-nodetypes-headline\">\n<div><strong>Adresse<\/strong><\/div>\n<div>Antikenmuseum Basel und Sammlung Ludwig<\/div>\n<\/div>\n<div class=\"typo3-neos-nodetypes-text\">\n<div class=\"text\">\n<p>St. Alban-Graben 5<br \/>CH-4010 Basel<\/p>\n<p><a href=\"tel:+41 61 267 01 12%E2%80%A8\">+41 61 267 01 12\u2028<\/a><br \/><a href=\"mailto:info@antikenmuseumbasel.ch\">info (at) antikenmuseumbasel.ch<\/a><\/p>\n<p><strong>Verantwortung und Redaktion<\/strong><br \/>Antikenmuseum Basel und Sammlung Ludwig<br \/><a href=\"https:\/\/www.antikenmuseumbasel.ch\/de\/footer\/www.antikenmuseumbasel.ch\">www.antikenmuseumbasel.ch<\/a><\/p>\n<p><strong>Konzept \/ Gestaltung Website<\/strong><br \/>Antikenmuseum Basel und Sammlung Ludwig<\/p>\n<p><strong>Haftungsausschluss<\/strong><br \/>Das Antikenmuseum Basel \u00fcbernimmt keinerlei Gew\u00e4hr f\u00fcr die Korrektheit, Aktualit\u00e4t und Vollst\u00e4ndigkeit der auf dieser Webseite bereitgestellten Informationen.<br \/>F\u00fcr die Inhalte von verlinkten Seiten sind ausschliesslich deren Betreiber verantwortlich.<\/p>\n<p><strong>Urheberrechtshinweise<\/strong><br \/>Alle Inhalte, Bilder oder Grafiken sind urheberrechtlich gesch\u00fctzt und d\u00fcrfen nur mit schriftlicher Genehmigung des jeweiligen Rechteinhabers verwendet werden.<\/p>\n<\/div>\n<\/div>\n<p>[\/et_pb_text][\/et_pb_column][\/et_pb_row][\/et_pb_section][et_pb_section fb_built=&#8220;1&#8243; _builder_version=&#8220;4.27.4&#8243; _module_preset=&#8220;default&#8220; use_background_color_gradient=&#8220;on&#8220; background_color_gradient_stops=&#8220;#f4d784 0%|#ffffff 100%&#8220; custom_margin=&#8220;0px|0px|0px|0px|false|false&#8220; global_colors_info=&#8220;{}&#8220;][et_pb_row _builder_version=&#8220;4.27.4&#8243; _module_preset=&#8220;default&#8220; global_colors_info=&#8220;{}&#8220;][et_pb_column type=&#8220;4_4&#8243; _builder_version=&#8220;4.27.4&#8243; _module_preset=&#8220;default&#8220; global_colors_info=&#8220;{}&#8220;][\/et_pb_column][\/et_pb_row][\/et_pb_section]<\/p>\n","protected":false},"excerpt":{"rendered":"<p>Impressum HerausgeberAntikenmuseum Basel und Sammlung Ludwig Konzept und TexteAnna Laschinger WebdesignChristine DittmarJoel Schwarz KoordinationAlexandra Maurer \u00dcbersetzungprobicon GmbH \u00a9 Antikenmuseum Basel und Sammlung Ludwig, 2025 Adresse Antikenmuseum Basel und Sammlung Ludwig [&hellip;]<\/p>\n","protected":false},"author":1,"featured_media":0,"parent":0,"menu_order":0,"comment_status":"closed","ping_status":"closed","template":"","meta":{"_et_pb_use_builder":"on","_et_pb_old_content":"","_et_gb_content_width":"","inline_featured_image":false,"footnotes":""},"class_list":["post-2408","page","type-page","status-publish","hentry"],"_links":{"self":[{"href":"https:\/\/herogames.antikenmuseumbasel.ch\/en\/wp-json\/wp\/v2\/pages\/2408","targetHints":{"allow":["GET"]}}],"collection":[{"href":"https:\/\/herogames.antikenmuseumbasel.ch\/en\/wp-json\/wp\/v2\/pages"}],"about":[{"href":"https:\/\/herogames.antikenmuseumbasel.ch\/en\/wp-json\/wp\/v2\/types\/page"}],"author":[{"embeddable":true,"href":"https:\/\/herogames.antikenmuseumbasel.ch\/en\/wp-json\/wp\/v2\/users\/1"}],"replies":[{"embeddable":true,"href":"https:\/\/herogames.antikenmuseumbasel.ch\/en\/wp-json\/wp\/v2\/comments?post=2408"}],"version-history":[{"count":7,"href":"https:\/\/herogames.antikenmuseumbasel.ch\/en\/wp-json\/wp\/v2\/pages\/2408\/revisions"}],"predecessor-version":[{"id":5928,"href":"https:\/\/herogames.antikenmuseumbasel.ch\/en\/wp-json\/wp\/v2\/pages\/2408\/revisions\/5928"}],"wp:attachment":[{"href":"https:\/\/herogames.antikenmuseumbasel.ch\/en\/wp-json\/wp\/v2\/media?parent=2408"}],"curies":[{"name":"wp","href":"https:\/\/api.w.org\/{rel}","templated":true}]}}