{"id":40,"date":"2022-10-11T12:45:13","date_gmt":"2022-10-11T12:45:13","guid":{"rendered":"https:\/\/herogames.antikenmuseumbasel.ch\/?page_id=40"},"modified":"2025-07-31T09:07:01","modified_gmt":"2025-07-31T09:07:01","slug":"datenschutzrichtlinien","status":"publish","type":"page","link":"https:\/\/herogames.antikenmuseumbasel.ch\/de_ch\/datenschutzrichtlinien\/","title":{"rendered":"Datenschutzrichtlinien"},"content":{"rendered":"<p>[et_pb_section fb_built=&#8220;1&#8243; _builder_version=&#8220;4.27.4&#8243; _module_preset=&#8220;default&#8220; background_color=&#8220;#2F2E2C&#8220; global_colors_info=&#8220;{}&#8220;][et_pb_row admin_label=&#8220;Zeile&#8220; _builder_version=&#8220;4.18.0&#8243; _module_preset=&#8220;default&#8220; global_colors_info=&#8220;{}&#8220;][et_pb_column type=&#8220;4_4&#8243; _builder_version=&#8220;4.18.0&#8243; _module_preset=&#8220;default&#8220; global_colors_info=&#8220;{}&#8220;][et_pb_text admin_label=&#8220;Text DE&#8220; _builder_version=&#8220;4.27.4&#8243; _module_preset=&#8220;61101f6e-be4e-4ca2-acd9-9be005f117b8&#8243; hover_enabled=&#8220;0&#8243; global_colors_info=&#8220;{}&#8220; sticky_enabled=&#8220;0&#8243;]<\/p>\n<pre lang=\"php\"><\/pre>\n<p>[\/et_pb_text][et_pb_text admin_label=&#8220;Text EN&#8220; _builder_version=&#8220;4.27.4&#8243; _module_preset=&#8220;61101f6e-be4e-4ca2-acd9-9be005f117b8&#8243; hover_enabled=&#8220;0&#8243; global_colors_info=&#8220;{}&#8220; sticky_enabled=&#8220;0&#8243;]<\/p>\n<pre lang=\"php\"><\/pre>\n<p>[\/et_pb_text][et_pb_text admin_label=&#8220;Text FR&#8220; _builder_version=&#8220;4.27.4&#8243; _module_preset=&#8220;61101f6e-be4e-4ca2-acd9-9be005f117b8&#8243; hover_enabled=&#8220;0&#8243; global_colors_info=&#8220;{}&#8220; sticky_enabled=&#8220;0&#8243;]<\/p>\n<pre lang=\"php\"><\/pre>\n<p>[\/et_pb_text][\/et_pb_column][\/et_pb_row][\/et_pb_section][et_pb_section fb_built=&#8220;1&#8243; _builder_version=&#8220;4.27.4&#8243; _module_preset=&#8220;default&#8220; use_background_color_gradient=&#8220;on&#8220; background_color_gradient_stops=&#8220;#2f2e2c 0%|#ffffff 100%&#8220; custom_margin=&#8220;0px|0px|0px|0px|false|false&#8220; global_colors_info=&#8220;{}&#8220;][et_pb_row _builder_version=&#8220;4.27.4&#8243; _module_preset=&#8220;default&#8220; global_colors_info=&#8220;{}&#8220;][et_pb_column type=&#8220;4_4&#8243; _builder_version=&#8220;4.27.4&#8243; _module_preset=&#8220;default&#8220; global_colors_info=&#8220;{}&#8220;][\/et_pb_column][\/et_pb_row][\/et_pb_section]<\/p>\n","protected":false},"excerpt":{"rendered":"<p> Datenschutzerkl\u00e4rung Zur Verwaltung der eingesetzten Cookies und \u00e4hnlichen Technologien (Tracking-Pixel, Web-Beacons etc.) und diesbez\u00fcglicher Einwilligungen setzen wir das Consent Tool &#8222;Real Cookie Banner&#8220; ein. Details zur Funktionsweise von [&hellip;]<\/p>\n","protected":false},"author":1,"featured_media":0,"parent":0,"menu_order":0,"comment_status":"closed","ping_status":"closed","template":"","meta":{"_et_pb_use_builder":"on","_et_pb_old_content":"","_et_gb_content_width":"","inline_featured_image":false,"footnotes":""},"class_list":["post-40","page","type-page","status-publish","hentry"],"_links":{"self":[{"href":"https:\/\/herogames.antikenmuseumbasel.ch\/de_ch\/wp-json\/wp\/v2\/pages\/40","targetHints":{"allow":["GET"]}}],"collection":[{"href":"https:\/\/herogames.antikenmuseumbasel.ch\/de_ch\/wp-json\/wp\/v2\/pages"}],"about":[{"href":"https:\/\/herogames.antikenmuseumbasel.ch\/de_ch\/wp-json\/wp\/v2\/types\/page"}],"author":[{"embeddable":true,"href":"https:\/\/herogames.antikenmuseumbasel.ch\/de_ch\/wp-json\/wp\/v2\/users\/1"}],"replies":[{"embeddable":true,"href":"https:\/\/herogames.antikenmuseumbasel.ch\/de_ch\/wp-json\/wp\/v2\/comments?post=40"}],"version-history":[{"count":14,"href":"https:\/\/herogames.antikenmuseumbasel.ch\/de_ch\/wp-json\/wp\/v2\/pages\/40\/revisions"}],"predecessor-version":[{"id":4883,"href":"https:\/\/herogames.antikenmuseumbasel.ch\/de_ch\/wp-json\/wp\/v2\/pages\/40\/revisions\/4883"}],"wp:attachment":[{"href":"https:\/\/herogames.antikenmuseumbasel.ch\/de_ch\/wp-json\/wp\/v2\/media?parent=40"}],"curies":[{"name":"wp","href":"https:\/\/api.w.org\/{rel}","templated":true}]}}